{"id":7522,"date":"2021-09-18T09:06:17","date_gmt":"2021-09-18T09:06:17","guid":{"rendered":"http:\/\/laverdehomes.msliquid5.com\/?page_id=7522"},"modified":"2023-03-27T14:19:11","modified_gmt":"2023-03-27T14:19:11","slug":"about-us","status":"publish","type":"page","link":"https:\/\/smarttec.fr\/fr\/about-us\/","title":{"rendered":"\u00e0 propos de nous"},"content":{"rendered":"<p>[vc_row][vc_column]\t\t\n\t\t<div id=\"wd-63c94544ea376\" class=\"title-wrapper wd-wpb set-mb-s reset-last-child  wd-title-color-primary wd-title-style-simple wd-width-100 text-center \">\n\t\t\t\n\t\t\t<div class=\"liner-continer\">\n\t\t\t\t<h4 class=\"woodmart-title-container title  wd-font-weight-600 wd-fontsize-xxl\" >BIENVENUE DANS LA SOCI\u00c9T\u00c9 SMART TEC<\/h4>\n\t\t\t\t\t\t\t<\/div>\n\t\t\t\n\t\t\t\n\t\t\t\t\t<\/div>\n\t\t\n\t\t[\/vc_column][\/vc_row][vc_row][vc_column width=&#8221;1\/2&#8243;][vc_single_image image=&#8221;8987&#8243; img_size=&#8221;full&#8221; alignment=&#8221;center&#8221; style=&#8221;vc_box_rounded&#8221; css_animation=&#8221;fadeInDown&#8221; woodmart_inline=&#8221;no&#8221; parallax_scroll=&#8221;no&#8221;][\/vc_column][vc_column width=&#8221;1\/2&#8243;]\t\t\t<div class=\"info-box-wrapper \">\n\t\t\t\t<div id=\"wd-63c94551c0e7b\" class=\" wd-info-box wd-wpb text-left box-icon-align-top box-style- color-scheme- wd-bg-none \"  >\n\t\t\t\t\t\t\t\t\t\t<div class=\"info-box-content\">\n\t\t\t\t\t\t\t\t\t\t\t\t<div class=\"info-box-inner set-cont-mb-s reset-last-child\">\n\t\t\t\t\t\t\t<p>Smart Tec a \u00e9t\u00e9 fond\u00e9e en janvier 2021.<br \/>\nNotre mission est de donner au monde les produits et services requis.<br \/>\nNous proposons des produits dans les domaines suivants :<\/p>\n<ol>\n<li>Electricit\u00e9 &amp; Electronique<\/li>\n<li>Automatisation et contr\u00f4le<\/li>\n<li>Cam\u00e9ras de surveillance<\/li>\n<li>Ascenseurs et ascenseurs<\/li>\n<li>\u00c9quipement didactique li\u00e9 \u00e0 l&#8217;\u00e9lectricit\u00e9, l&#8217;\u00e9lectronique, les ascenseurs, la m\u00e9catronique, l&#8217;autotronique et la m\u00e9canique automobile<\/li>\n<\/ol>\n<p>\n\t\t\t\t\t\t<\/div>\n\n\t\t\t\t\t\t\t\t\t\t\t\t\n\t\t\t\t\t<\/div>\n\n\t\t\t\t\t\t\t\t\t<\/div>\n\t\t\t<\/div>\n\t\t[\/vc_column][\/vc_row][vc_row full_width=&#8221;stretch_row_content&#8221; content_placement=&#8221;middle&#8221; css=&#8221;.vc_custom_1666176398327{background-image: url(http:\/\/smarttec.fr\/wp-content\/uploads\/2022\/10\/gradient-dark-blue-futuristic-digital-grid-background_53876-129728.webp?id=8983) !important;background-position: center !important;background-repeat: no-repeat !important;background-size: cover !important;}&#8221; woodmart_parallax=&#8221;0&#8243; woodmart_gradient_switch=&#8221;no&#8221; row_reverse_mobile=&#8221;0&#8243; row_reverse_tablet=&#8221;0&#8243; woodmart_disable_overflow=&#8221;0&#8243; mobile_bg_img_hidden=&#8221;no&#8221; tablet_bg_img_hidden=&#8221;no&#8221;][vc_column woodmart_color_scheme=&#8221;light&#8221; offset=&#8221;vc_col-lg-offset-7 vc_col-lg-5&#8243; woodmart_parallax=&#8221;0&#8243; parallax_scroll=&#8221;no&#8221; woodmart_sticky_column=&#8221;false&#8221; css=&#8221;.vc_custom_1666176296970{padding-top: 40px !important;padding-right: 15% !important;padding-bottom: 40px !important;padding-left: 15% !important;background-color: rgba(15,56,84,0.5) !important;*background-color: rgb(15,56,84) !important;}&#8221; mobile_bg_img_hidden=&#8221;no&#8221; tablet_bg_img_hidden=&#8221;no&#8221; mobile_reset_margin=&#8221;no&#8221; tablet_reset_margin=&#8221;no&#8221;]\t\t\n\t\t<div id=\"wd-63c945a68513b\" class=\"title-wrapper wd-wpb set-mb-s reset-last-child  wd-title-color-white wd-title-style-simple wd-width-90 text-left \">\n\t\t\t\n\t\t\t<div class=\"liner-continer\">\n\t\t\t\t<h4 class=\"woodmart-title-container title  wd-font-weight- wd-fontsize-l\" >Pr\u00e9sident<\/h4>\n\t\t\t\t\t\t\t<\/div>\n\t\t\t\n\t\t\t\n\t\t\t\t\t<\/div>\n\t\t\n\t\t\t\t\t<div class=\"info-box-wrapper \">\n\t\t\t\t<div id=\"wd-6421a5513c063\" class=\" wd-info-box wd-wpb text-left box-icon-align-top box-style- color-scheme- wd-bg-none \"  >\n\t\t\t\t\t\t\t\t\t\t<div class=\"info-box-content\">\n\t\t\t\t\t\t\t\t\t\t\t\t<div class=\"info-box-inner set-cont-mb-s reset-last-child\">\n\t\t\t\t\t\t\t<\/p>\n<p class=\"\" style=\"text-align: justify;\">Tanios Rizkallah, qui est \u00e9lectricien &amp; Ing\u00e9nieur en \u00e9lectronique depuis plus de 25 ans, a fond\u00e9 l&#8217;entreprise en janvier 2021, croyant en la culture de l&#8217;obsession client &amp; mettant sa longue expertise technique et administrative au service du client.<\/p>\n<p class=\"\" style=\"text-align: justify;\">Tanios Rizkallah poss\u00e8de une expertise technique en g\u00e9nie \u00e9lectrique, ascenseurs, Industrie du p\u00e9trole et du gaz (Oil &amp; Gaz), cam\u00e9ras de surveillance et dessin de conception technique.<\/p>\n<p>\n\t\t\t\t\t\t<\/div>\n\n\t\t\t\t\t\t\t\t\t\t\t\t\n\t\t\t\t\t<\/div>\n\n\t\t\t\t\t\t\t\t\t<\/div>\n\t\t\t<\/div>\n\t\t[\/vc_column][\/vc_row]<\/p>\n","protected":false},"excerpt":{"rendered":"<p>[vc_row][vc_column][\/vc_column][\/vc_row][vc_row][vc_column width=&#8221;1\/2&#8243;][vc_single_image image=&#8221;8987&#8243; img_size=&#8221;full&#8221; alignment=&#8221;center&#8221; style=&#8221;vc_box_rounded&#8221; css_animation=&#8221;fadeInDown&#8221; woodmart_inline=&#8221;no&#8221; parallax_scroll=&#8221;no&#8221;][\/vc_column][vc_column width=&#8221;1\/2&#8243;][\/vc_column][\/vc_row][vc_row full_width=&#8221;stretch_row_content&#8221; content_placement=&#8221;middle&#8221; css=&#8221;.vc_custom_1666176398327{background-image: url(http:\/\/smarttec.fr\/wp-content\/uploads\/2022\/10\/gradient-dark-blue-futuristic-digital-grid-background_53876-129728.webp?id=8983) !important;background-position: center !important;background-repeat: no-repeat !important;background-size: cover<\/p>\n","protected":false},"author":1,"featured_media":0,"parent":0,"menu_order":0,"comment_status":"closed","ping_status":"closed","template":"","meta":{"footnotes":""},"class_list":["post-7522","page","type-page","status-publish","hentry"],"_links":{"self":[{"href":"https:\/\/smarttec.fr\/fr\/wp-json\/wp\/v2\/pages\/7522","targetHints":{"allow":["GET"]}}],"collection":[{"href":"https:\/\/smarttec.fr\/fr\/wp-json\/wp\/v2\/pages"}],"about":[{"href":"https:\/\/smarttec.fr\/fr\/wp-json\/wp\/v2\/types\/page"}],"author":[{"embeddable":true,"href":"https:\/\/smarttec.fr\/fr\/wp-json\/wp\/v2\/users\/1"}],"replies":[{"embeddable":true,"href":"https:\/\/smarttec.fr\/fr\/wp-json\/wp\/v2\/comments?post=7522"}],"version-history":[{"count":52,"href":"https:\/\/smarttec.fr\/fr\/wp-json\/wp\/v2\/pages\/7522\/revisions"}],"predecessor-version":[{"id":9356,"href":"https:\/\/smarttec.fr\/fr\/wp-json\/wp\/v2\/pages\/7522\/revisions\/9356"}],"wp:attachment":[{"href":"https:\/\/smarttec.fr\/fr\/wp-json\/wp\/v2\/media?parent=7522"}],"curies":[{"name":"wp","href":"https:\/\/api.w.org\/{rel}","templated":true}]}}