{"id":8892,"date":"2022-10-05T12:11:29","date_gmt":"2022-10-05T12:11:29","guid":{"rendered":"http:\/\/prato.msliquid8.com\/?page_id=8892"},"modified":"2023-03-27T14:00:21","modified_gmt":"2023-03-27T14:00:21","slug":"services","status":"publish","type":"page","link":"https:\/\/smarttec.fr\/fr\/services\/","title":{"rendered":"Services"},"content":{"rendered":"<p>[vc_row][vc_column]\t\t\n\t\t<div id=\"wd-63c9467217bab\" class=\"title-wrapper wd-wpb set-mb-s reset-last-child  wd-title-color-primary wd-title-style-simple wd-width-100 text-center \">\n\t\t\t\n\t\t\t<div class=\"liner-continer\">\n\t\t\t\t<h4 class=\"woodmart-title-container title  wd-font-weight- wd-fontsize-xxl\" >Nos services<\/h4>\n\t\t\t\t\t\t\t<\/div>\n\t\t\t\n\t\t\t\n\t\t\t\t\t<\/div>\n\t\t\n\t\t[vc_row_inner][vc_column_inner width=&#8221;1\/6&#8243;][\/vc_column_inner][vc_column_inner width=&#8221;2\/3&#8243;]\t\t\t<div class=\"info-box-wrapper \">\n\t\t\t\t<div id=\"wd-63c94687e32d1\" class=\" wd-info-box wd-wpb text-left box-icon-align-top box-style- color-scheme- wd-bg-none \"  >\n\t\t\t\t\t\t\t\t\t\t<div class=\"info-box-content\">\n\t\t\t\t\t\t\t\t\t\t\t\t<div class=\"info-box-inner set-cont-mb-s reset-last-child\">\n\t\t\t\t\t\t\t<\/p>\n<p style=\"text-align: justify;\">Notre gamme de services diversifi\u00e9e s&#8217;accompagne de nos connaissances techniques. N&#8217;h\u00e9sitez pas \u00e0 nous contacter pour n\u00e9gocier tout produit ou service que vous souhaitez. Nous construisons notre culture sur la qualit\u00e9 et la s\u00e9curit\u00e9 et cela se refl\u00e8te sur nos produits et services.<\/p>\n<p>\n\t\t\t\t\t\t<\/div>\n\n\t\t\t\t\t\t\t\t\t\t\t\t\n\t\t\t\t\t<\/div>\n\n\t\t\t\t\t\t\t\t\t<\/div>\n\t\t\t<\/div>\n\t\t[\/vc_column_inner][vc_column_inner width=&#8221;1\/6&#8243;][\/vc_column_inner][\/vc_row_inner][\/vc_column][\/vc_row][vc_row][vc_column width=&#8221;1\/3&#8243;]\t\t\t<div class=\"info-box-wrapper \">\n\t\t\t\t<div id=\"wd-63c9468f17d31\" class=\" wd-info-box wd-wpb text-center box-icon-align-top box-style- color-scheme- wd-bg-none \"  >\n\t\t\t\t\t\t\t\t\t\t\t<div class=\"box-icon-wrapper  box-with-icon box-icon-with-border\">\n\t\t\t\t\t\t\t<div class=\"info-box-icon\">\n\n\t\t\t\t\t\t\t\n\t\t\t\t\t\t\t\t\t\t\t\t\t\t\t\t\t<img loading=\"lazy\" decoding=\"async\" class=\"info-icon image-1 \" src=\"https:\/\/smarttec.fr\/fr\/wp-content\/uploads\/2022\/10\/output-onlinepngtools-89-50x50.png\" width=\"50\" height=\"50\" alt=\"output-onlinepngtools (89)\" title=\"output-onlinepngtools (89)\" \/>\t\t\t\t\t\t\t\t\t\t\t\t\t\t\t\t\n\t\t\t\t\t\t\t\n\t\t\t\t\t\t\t<\/div>\n\t\t\t\t\t\t<\/div>\n\t\t\t\t\t\t\t\t\t\t<div class=\"info-box-content\">\n\t\t\t\t\t\t<h4 class=\"info-box-title title wd-font-weight- box-title-style-underlined wd-fontsize-xl\">\u00c9LECTRICIT\u00c9<\/h4>\t\t\t\t\t\t<div class=\"info-box-inner set-cont-mb-s reset-last-child\">\n\t\t\t\t\t\t\t<p>Nous croyons en la qualit\u00e9, la fiabilit\u00e9 et l&#8217;op\u00e9rabilit\u00e9 des produits \u00e9lectriques que nous fournissons.<\/p>\n\t\t\t\t\t\t<\/div>\n\n\t\t\t\t\t\t\t\t\t\t\t\t\n\t\t\t\t\t<\/div>\n\n\t\t\t\t\t<style>#wd-63c9468f17d31 .info-box-icon {background-color:  !important;}#wd-63c9468f17d31:hover .info-box-icon{background-color:  !important;}<\/style>\t\t\t\t<\/div>\n\t\t\t<\/div>\n\t\t[\/vc_column][vc_column width=&#8221;1\/3&#8243;]\t\t\t<div class=\"info-box-wrapper \">\n\t\t\t\t<div id=\"wd-63c946a87d616\" class=\" wd-info-box wd-wpb text-center box-icon-align-top box-style- color-scheme- wd-bg-none \"  >\n\t\t\t\t\t\t\t\t\t\t\t<div class=\"box-icon-wrapper  box-with-icon box-icon-with-border\">\n\t\t\t\t\t\t\t<div class=\"info-box-icon\">\n\n\t\t\t\t\t\t\t\n\t\t\t\t\t\t\t\t\t\t\t\t\t\t\t\t\t<img loading=\"lazy\" decoding=\"async\" class=\"info-icon image-1 \" src=\"https:\/\/smarttec.fr\/fr\/wp-content\/uploads\/2022\/10\/output-onlinepngtools-90-50x50.png\" width=\"50\" height=\"50\" alt=\"output-onlinepngtools (90)\" title=\"output-onlinepngtools (90)\" \/>\t\t\t\t\t\t\t\t\t\t\t\t\t\t\t\t\n\t\t\t\t\t\t\t\n\t\t\t\t\t\t\t<\/div>\n\t\t\t\t\t\t<\/div>\n\t\t\t\t\t\t\t\t\t\t<div class=\"info-box-content\">\n\t\t\t\t\t\t<h4 class=\"info-box-title title wd-font-weight- box-title-style-underlined wd-fontsize-xl\">ASCENSEURS<\/h4>\t\t\t\t\t\t<div class=\"info-box-inner set-cont-mb-s reset-last-child\">\n\t\t\t\t\t\t\t<p>Nous veillons \u00e0 ce que nos clients soient satisfaits des produits li\u00e9s aux ascenseurs que nous fournissons.<\/p>\n\t\t\t\t\t\t<\/div>\n\n\t\t\t\t\t\t\t\t\t\t\t\t\n\t\t\t\t\t<\/div>\n\n\t\t\t\t\t<style>#wd-63c946a87d616 .info-box-icon {background-color:  !important;}#wd-63c946a87d616:hover .info-box-icon{background-color:  !important;}<\/style>\t\t\t\t<\/div>\n\t\t\t<\/div>\n\t\t[\/vc_column][vc_column width=&#8221;1\/3&#8243;]\t\t\t<div class=\"info-box-wrapper \">\n\t\t\t\t<div id=\"wd-63c946b8972d9\" class=\" wd-info-box wd-wpb text-center box-icon-align-top box-style- color-scheme- wd-bg-none \"  >\n\t\t\t\t\t\t\t\t\t\t\t<div class=\"box-icon-wrapper  box-with-icon box-icon-with-border\">\n\t\t\t\t\t\t\t<div class=\"info-box-icon\">\n\n\t\t\t\t\t\t\t\n\t\t\t\t\t\t\t\t\t\t\t\t\t\t\t\t\t<img loading=\"lazy\" decoding=\"async\" class=\"info-icon image-1 \" src=\"https:\/\/smarttec.fr\/fr\/wp-content\/uploads\/2022\/10\/output-onlinepngtools-91-50x50.png\" width=\"50\" height=\"50\" alt=\"output-onlinepngtools (91)\" title=\"output-onlinepngtools (91)\" \/>\t\t\t\t\t\t\t\t\t\t\t\t\t\t\t\t\n\t\t\t\t\t\t\t\n\t\t\t\t\t\t\t<\/div>\n\t\t\t\t\t\t<\/div>\n\t\t\t\t\t\t\t\t\t\t<div class=\"info-box-content\">\n\t\t\t\t\t\t<h4 class=\"info-box-title title wd-font-weight- box-title-style-underlined wd-fontsize-xl\">GAZ DE P\u00c9TROLE<\/h4>\t\t\t\t\t\t<div class=\"info-box-inner set-cont-mb-s reset-last-child\">\n\t\t\t\t\t\t\t<p>Nous achetons et fournissons des mat\u00e9riaux et des \u00e9quipements pour l&#8217;industrie p\u00e9troli\u00e8re et gazi\u00e8re.<\/p>\n\t\t\t\t\t\t<\/div>\n\n\t\t\t\t\t\t\t\t\t\t\t\t\n\t\t\t\t\t<\/div>\n\n\t\t\t\t\t<style>#wd-63c946b8972d9 .info-box-icon {background-color:  !important;}#wd-63c946b8972d9:hover .info-box-icon{background-color:  !important;}<\/style>\t\t\t\t<\/div>\n\t\t\t<\/div>\n\t\t[\/vc_column][\/vc_row][vc_row][vc_column width=&#8221;1\/3&#8243;]\t\t\t<div class=\"info-box-wrapper \">\n\t\t\t\t<div id=\"wd-63c946ce9087b\" class=\" wd-info-box wd-wpb text-center box-icon-align-top box-style- color-scheme- wd-bg-none \"  >\n\t\t\t\t\t\t\t\t\t\t\t<div class=\"box-icon-wrapper  box-with-icon box-icon-with-border\">\n\t\t\t\t\t\t\t<div class=\"info-box-icon\">\n\n\t\t\t\t\t\t\t\n\t\t\t\t\t\t\t\t\t\t\t\t\t\t\t\t\t<img loading=\"lazy\" decoding=\"async\" class=\"info-icon image-1 \" src=\"https:\/\/smarttec.fr\/fr\/wp-content\/uploads\/2022\/10\/output-onlinepngtools-92-50x50.png\" width=\"50\" height=\"50\" alt=\"output-onlinepngtools (92)\" title=\"output-onlinepngtools (92)\" \/>\t\t\t\t\t\t\t\t\t\t\t\t\t\t\t\t\n\t\t\t\t\t\t\t\n\t\t\t\t\t\t\t<\/div>\n\t\t\t\t\t\t<\/div>\n\t\t\t\t\t\t\t\t\t\t<div class=\"info-box-content\">\n\t\t\t\t\t\t<h4 class=\"info-box-title title wd-font-weight- box-title-style-underlined wd-fontsize-xl\">CAM\u00c9RAS DE SURVEILLANCE<\/h4>\t\t\t\t\t\t<div class=\"info-box-inner set-cont-mb-s reset-last-child\">\n\t\t\t\t\t\t\t<p>Nous offrons \u00e0 nos clients un sentiment de s\u00e9curit\u00e9 gr\u00e2ce \u00e0 notre gamme diversifi\u00e9e de cam\u00e9ras de surveillance que nous fournissons.<\/p>\n\t\t\t\t\t\t<\/div>\n\n\t\t\t\t\t\t\t\t\t\t\t\t\n\t\t\t\t\t<\/div>\n\n\t\t\t\t\t<style>#wd-63c946ce9087b .info-box-icon {background-color:  !important;}#wd-63c946ce9087b:hover .info-box-icon{background-color:  !important;}<\/style>\t\t\t\t<\/div>\n\t\t\t<\/div>\n\t\t[\/vc_column][vc_column width=&#8221;1\/3&#8243;]\t\t\t<div class=\"info-box-wrapper \">\n\t\t\t\t<div id=\"wd-63c946e05ceb1\" class=\" wd-info-box wd-wpb text-center box-icon-align-top box-style- color-scheme- wd-bg-none \"  >\n\t\t\t\t\t\t\t\t\t\t\t<div class=\"box-icon-wrapper  box-with-icon box-icon-with-border\">\n\t\t\t\t\t\t\t<div class=\"info-box-icon\">\n\n\t\t\t\t\t\t\t\n\t\t\t\t\t\t\t\t\t\t\t\t\t\t\t\t\t<img loading=\"lazy\" decoding=\"async\" class=\"info-icon image-1 \" src=\"https:\/\/smarttec.fr\/fr\/wp-content\/uploads\/2022\/10\/output-onlinepngtools-93-50x50.png\" width=\"50\" height=\"50\" alt=\"output-onlinepngtools (93)\" title=\"output-onlinepngtools (93)\" \/>\t\t\t\t\t\t\t\t\t\t\t\t\t\t\t\t\n\t\t\t\t\t\t\t\n\t\t\t\t\t\t\t<\/div>\n\t\t\t\t\t\t<\/div>\n\t\t\t\t\t\t\t\t\t\t<div class=\"info-box-content\">\n\t\t\t\t\t\t<h4 class=\"info-box-title title wd-font-weight- box-title-style-underlined wd-fontsize-xl\">DESSINS TECHNIQUES<\/h4>\t\t\t\t\t\t<div class=\"info-box-inner set-cont-mb-s reset-last-child\">\n\t\t\t\t\t\t\t<p>SMART TEC dispose d&#8217;une \u00e9quipe des meilleurs sp\u00e9cialistes du dessin \u00e9lectrique, utilisant Autocad, Caneco, Dialux et Revit.<\/p>\n\t\t\t\t\t\t<\/div>\n\n\t\t\t\t\t\t\t\t\t\t\t\t\n\t\t\t\t\t<\/div>\n\n\t\t\t\t\t<style>#wd-63c946e05ceb1 .info-box-icon {background-color:  !important;}#wd-63c946e05ceb1:hover .info-box-icon{background-color:  !important;}<\/style>\t\t\t\t<\/div>\n\t\t\t<\/div>\n\t\t[\/vc_column][vc_column width=&#8221;1\/3&#8243;]\t\t\t<div class=\"info-box-wrapper \">\n\t\t\t\t<div id=\"wd-63c946f437117\" class=\" wd-info-box wd-wpb text-center box-icon-align-top box-style- color-scheme- wd-bg-none \"  >\n\t\t\t\t\t\t\t\t\t\t\t<div class=\"box-icon-wrapper  box-with-icon box-icon-with-border\">\n\t\t\t\t\t\t\t<div class=\"info-box-icon\">\n\n\t\t\t\t\t\t\t\n\t\t\t\t\t\t\t\t\t\t\t\t\t\t\t\t\t<img loading=\"lazy\" decoding=\"async\" class=\"info-icon image-1 \" src=\"https:\/\/smarttec.fr\/fr\/wp-content\/uploads\/2022\/10\/output-onlinepngtools-95-50x50.png\" width=\"50\" height=\"50\" alt=\"output-onlinepngtools (95)\" title=\"output-onlinepngtools (95)\" \/>\t\t\t\t\t\t\t\t\t\t\t\t\t\t\t\t\n\t\t\t\t\t\t\t\n\t\t\t\t\t\t\t<\/div>\n\t\t\t\t\t\t<\/div>\n\t\t\t\t\t\t\t\t\t\t<div class=\"info-box-content\">\n\t\t\t\t\t\t<h4 class=\"info-box-title title wd-font-weight- box-title-style-underlined wd-fontsize-xl\">EQUIPEMENT DIDACTIQUE<\/h4>\t\t\t\t\t\t<div class=\"info-box-inner set-cont-mb-s reset-last-child\">\n\t\t\t\t\t\t\t<p>Il est li\u00e9 \u00e0 l&#8217;\u00e9lectricit\u00e9, \u00e0 l&#8217;\u00e9lectronique, aux ascenseurs, \u00e0 la m\u00e9catronique, \u00e0 l&#8217;autotronique et \u00e0 la m\u00e9canique automobile.<\/p>\n\t\t\t\t\t\t<\/div>\n\n\t\t\t\t\t\t\t\t\t\t\t\t\n\t\t\t\t\t<\/div>\n\n\t\t\t\t\t<style>#wd-63c946f437117 .info-box-icon {background-color:  !important;}#wd-63c946f437117:hover .info-box-icon{background-color:  !important;}<\/style>\t\t\t\t<\/div>\n\t\t\t<\/div>\n\t\t[\/vc_column][\/vc_row]<\/p>\n","protected":false},"excerpt":{"rendered":"<p>[vc_row][vc_column][vc_row_inner][vc_column_inner width=&#8221;1\/6&#8243;][\/vc_column_inner][vc_column_inner width=&#8221;2\/3&#8243;][\/vc_column_inner][vc_column_inner width=&#8221;1\/6&#8243;][\/vc_column_inner][\/vc_row_inner][\/vc_column][\/vc_row][vc_row][vc_column width=&#8221;1\/3&#8243;][\/vc_column][vc_column width=&#8221;1\/3&#8243;][\/vc_column][vc_column width=&#8221;1\/3&#8243;][\/vc_column][\/vc_row][vc_row][vc_column width=&#8221;1\/3&#8243;][\/vc_column][vc_column width=&#8221;1\/3&#8243;][\/vc_column][vc_column width=&#8221;1\/3&#8243;][\/vc_column][\/vc_row]<\/p>\n","protected":false},"author":1,"featured_media":0,"parent":0,"menu_order":0,"comment_status":"closed","ping_status":"closed","template":"","meta":{"footnotes":""},"class_list":["post-8892","page","type-page","status-publish","hentry"],"_links":{"self":[{"href":"https:\/\/smarttec.fr\/fr\/wp-json\/wp\/v2\/pages\/8892","targetHints":{"allow":["GET"]}}],"collection":[{"href":"https:\/\/smarttec.fr\/fr\/wp-json\/wp\/v2\/pages"}],"about":[{"href":"https:\/\/smarttec.fr\/fr\/wp-json\/wp\/v2\/types\/page"}],"author":[{"embeddable":true,"href":"https:\/\/smarttec.fr\/fr\/wp-json\/wp\/v2\/users\/1"}],"replies":[{"embeddable":true,"href":"https:\/\/smarttec.fr\/fr\/wp-json\/wp\/v2\/comments?post=8892"}],"version-history":[{"count":20,"href":"https:\/\/smarttec.fr\/fr\/wp-json\/wp\/v2\/pages\/8892\/revisions"}],"predecessor-version":[{"id":9354,"href":"https:\/\/smarttec.fr\/fr\/wp-json\/wp\/v2\/pages\/8892\/revisions\/9354"}],"wp:attachment":[{"href":"https:\/\/smarttec.fr\/fr\/wp-json\/wp\/v2\/media?parent=8892"}],"curies":[{"name":"wp","href":"https:\/\/api.w.org\/{rel}","templated":true}]}}