{"id":9264,"date":"2022-11-11T06:37:50","date_gmt":"2022-11-11T06:37:50","guid":{"rendered":"http:\/\/smart-tec.msliquid8.com\/?post_type=product&#038;p=9264"},"modified":"2022-11-11T06:37:50","modified_gmt":"2022-11-11T06:37:50","slug":"kapi-ustu-gosterge-door-top-indicator","status":"publish","type":"product","link":"https:\/\/smarttec.fr\/fr\/product\/kapi-ustu-gosterge-door-top-indicator\/","title":{"rendered":"KAPI \u00dcST\u00dc G\u00d6STERGE DOOR TOP INDICATOR"},"content":{"rendered":"","protected":false},"excerpt":{"rendered":"[doc id=9269]\n","protected":false},"featured_media":9272,"comment_status":"open","ping_status":"closed","template":"","meta":[],"product_cat":[161],"product_tag":[],"class_list":["post-9264","product","type-product","status-publish","has-post-thumbnail","hentry","product_cat-lifts-elevators"],"_links":{"self":[{"href":"https:\/\/smarttec.fr\/fr\/wp-json\/wp\/v2\/product\/9264","targetHints":{"allow":["GET"]}}],"collection":[{"href":"https:\/\/smarttec.fr\/fr\/wp-json\/wp\/v2\/product"}],"about":[{"href":"https:\/\/smarttec.fr\/fr\/wp-json\/wp\/v2\/types\/product"}],"replies":[{"embeddable":true,"href":"https:\/\/smarttec.fr\/fr\/wp-json\/wp\/v2\/comments?post=9264"}],"wp:featuredmedia":[{"embeddable":true,"href":"https:\/\/smarttec.fr\/fr\/wp-json\/wp\/v2\/media\/9272"}],"wp:attachment":[{"href":"https:\/\/smarttec.fr\/fr\/wp-json\/wp\/v2\/media?parent=9264"}],"wp:term":[{"taxonomy":"product_cat","embeddable":true,"href":"https:\/\/smarttec.fr\/fr\/wp-json\/wp\/v2\/product_cat?post=9264"},{"taxonomy":"product_tag","embeddable":true,"href":"https:\/\/smarttec.fr\/fr\/wp-json\/wp\/v2\/product_tag?post=9264"}],"curies":[{"name":"wp","href":"https:\/\/api.w.org\/{rel}","templated":true}]}}